{"id":1720,"date":"2024-11-22T10:50:27","date_gmt":"2024-11-22T09:50:27","guid":{"rendered":"http:\/\/l5.pk.edu.pl\/about\/"},"modified":"2025-03-17T00:31:05","modified_gmt":"2025-03-16T23:31:05","slug":"ksztalcenie","status":"publish","type":"page","link":"https:\/\/l5.pk.edu.pl\/en\/ksztalcenie\/","title":{"rendered":"Education"},"content":{"rendered":"<div class=\"wp-block-uagb-container uagb-block-6c959d0c alignfull uagb-is-root-container\"><div class=\"uagb-container-inner-blocks-wrap\">\n<div class=\"wp-block-uagb-info-box uagb-block-c9855d8e uagb-infobox__content-wrap  uagb-infobox-icon-above-title uagb-infobox-image-valign-top wp-block-uagb-info-box--has-margin\"><div class=\"uagb-infobox-margin-wrapper\"><div class=\"uagb-ifb-content\"><div class=\"uagb-ifb-title-wrap\"><h1 class=\"uagb-ifb-title\">Department of Roads, Railways, and Traffic Engineering<\/h1><\/div><\/div><\/div><\/div>\n<\/div><\/div>\n\n\n\n<div style=\"height:40px\" aria-hidden=\"true\" class=\"wp-block-spacer\"><\/div>\n\n\n\n<div class=\"wp-block-uagb-advanced-heading uagb-block-48c2f920\" id=\"aktualnosci\"><h2 class=\"uagb-heading-text\">EDUCATIONAL OFFER<\/h2><div class=\"uagb-separator\"><\/div><\/div>\n\n\n\n<p>Pracownicy Katedry prowadz\u0105 zaj\u0119cia na studiach stacjonarnych i niestacjonarnych realizowanych na Wydziale In\u017cynierii L\u0105dowej oraz Wydziale In\u017cynierii \u015arodowiska i&nbsp;Energetyki. Zaj\u0119cia odbywaj\u0105 si\u0119 na kierunkach takich jak budownictwo, transport oraz gospodarka przestrzenna. W ramach studi\u00f3w in\u017cynierskich oferowane s\u0105 profile dyplomowania obejmuj\u0105ce <em>\"Road Infrastructure Design\"<\/em>, <em>\"Road Pavement Construction and Maintenance\"<\/em> and <em>\"Rail Infrastructure Design\"<\/em>.<\/p>\n\n\n\n<p>In addition to <strong>standard coursework<\/strong>, the department organizes and conducts <strong>postgraduate studies<\/strong>, <strong>courses<\/strong> and <strong>specialized training sessions<\/strong>. The <em>\"Road Traffic Safety Audit\"<\/em> course and the postgraduate studies program <em>\"Traffic Engineering\"<\/em>are particularly popular, offering participants the opportunity to deepen their knowledge in the broad field of traffic engineering.<\/p>\n\n\n\n<p>In recent years, the postgraduate studies <em>\"Safe and Environmentally Friendly Roads and Intersections\"<\/em> have been conducted, along with courses dedicated to government administration units.<\/p>\n\n\n\n<p>If interested, it is possible to organize training sessions or courses tailored to specific needs, covering topics in road construction and traffic engineering.<\/p>\n\n\n\n<div class=\"wp-block-uagb-advanced-heading uagb-block-10043a71\" id=\"aktualnosci\"><h3 class=\"uagb-heading-text\">POSTGRADUATE STUDIES<\/h3><\/div>\n\n\n\n<div style=\"height:20px\" aria-hidden=\"true\" class=\"wp-block-spacer\"><\/div>\n\n\n\n<div class=\"wp-block-uagb-container uagb-block-tx6skbwe alignfull uagb-is-root-container\"><div class=\"uagb-container-inner-blocks-wrap\">\n<div class=\"wp-block-uagb-container clickable-container4 uagb-block-foflsu7j\">\n<div class=\"wp-block-uagb-info-box uagb-block-s5drmn8y uagb-infobox__content-wrap  uagb-infobox-icon-above-title uagb-infobox-image-valign-top\"><div class=\"uagb-ifb-content\"><div class=\"uagb-ifb-icon-wrap\"><svg xmlns=\"https:\/\/www.w3.org\/2000\/svg\" viewbox=\"0 0 320 512\"><path d=\"M256 0C291.3 0 320 28.65 320 64V352C320 440.4 248.4 512 160 512C71.63 512 0 440.4 0 352V64C0 28.65 28.65 0 64 0H256zM160 320C133.5 320 112 341.5 112 368C112 394.5 133.5 416 160 416C186.5 416 208 394.5 208 368C208 341.5 186.5 320 160 320zM160 288C186.5 288 208 266.5 208 240C208 213.5 186.5 192 160 192C133.5 192 112 213.5 112 240C112 266.5 133.5 288 160 288zM160 64C133.5 64 112 85.49 112 112C112 138.5 133.5 160 160 160C186.5 160 208 138.5 208 112C208 85.49 186.5 64 160 64z\"><\/path><\/svg><\/div><div class=\"uagb-ifb-title-wrap\"><h3 class=\"uagb-ifb-title\">TRAFFIC <br>ENGINEERING<\/h3><\/div><\/div><\/div>\n<\/div>\n\n\n\n<div class=\"wp-block-uagb-container clickable-container5 uagb-block-44c7e9c2\">\n<div class=\"wp-block-uagb-info-box uagb-block-4447dae6 uagb-infobox__content-wrap  uagb-infobox-icon-above-title uagb-infobox-image-valign-top\"><div class=\"uagb-ifb-content\"><div class=\"uagb-ifb-icon-wrap\"><svg xmlns=\"https:\/\/www.w3.org\/2000\/svg\" viewbox=\"0 0 448 512\"><path d=\"M352 0C405 0 448 42.98 448 96V352C448 399.1 412.8 439.7 366.9 446.9L412.9 492.9C419.9 499.9 414.9 512 404.1 512H365.3C356.8 512 348.6 508.6 342.6 502.6L288 448H160L105.4 502.6C99.37 508.6 91.23 512 82.75 512H43.04C33.06 512 28.06 499.9 35.12 492.9L81.14 446.9C35.18 439.7 0 399.1 0 352V96C0 42.98 42.98 0 96 0H352zM64 192C64 209.7 78.33 224 96 224H352C369.7 224 384 209.7 384 192V96C384 78.33 369.7 64 352 64H96C78.33 64 64 78.33 64 96V192zM224 384C250.5 384 272 362.5 272 336C272 309.5 250.5 288 224 288C197.5 288 176 309.5 176 336C176 362.5 197.5 384 224 384z\"><\/path><\/svg><\/div><div class=\"uagb-ifb-title-wrap\"><h3 class=\"uagb-ifb-title\">RAILWAYS<br>---<\/h3><\/div><\/div><\/div>\n<\/div>\n\n\n\n<div class=\"wp-block-uagb-container clickable-container6 uagb-block-7wezakbb\">\n<div class=\"wp-block-uagb-info-box uagb-block-p0dbovfu uagb-infobox__content-wrap  uagb-infobox-icon-above-title uagb-infobox-image-valign-top wp-block-uagb-info-box--has-margin\"><div class=\"uagb-infobox-margin-wrapper\"><div class=\"uagb-ifb-content\"><div class=\"uagb-ifb-icon-wrap\"><svg xmlns=\"https:\/\/www.w3.org\/2000\/svg\" viewbox=\"0 0 576 512\"><path d=\"M256 96C256 113.7 270.3 128 288 128C305.7 128 320 113.7 320 96V32H394.8C421.9 32 446 49.08 455.1 74.63L572.9 407.2C574.9 413 576 419.2 576 425.4C576 455.5 551.5 480 521.4 480H320V416C320 398.3 305.7 384 288 384C270.3 384 256 398.3 256 416V480H54.61C24.45 480 0 455.5 0 425.4C0 419.2 1.06 413 3.133 407.2L120.9 74.63C129.1 49.08 154.1 32 181.2 32H255.1L256 96zM320 224C320 206.3 305.7 192 288 192C270.3 192 256 206.3 256 224V288C256 305.7 270.3 320 288 320C305.7 320 320 305.7 320 288V224z\"><\/path><\/svg><\/div><div class=\"uagb-ifb-title-wrap\"><h3 class=\"uagb-ifb-title\">ROAD DESIGN<\/h3><\/div><\/div><\/div><\/div>\n<\/div>\n<\/div><\/div>\n\n\n\n<div style=\"height:43px\" aria-hidden=\"true\" class=\"wp-block-spacer\"><\/div>\n\n\n\n<div class=\"wp-block-uagb-advanced-heading uagb-block-1ac2262b\" id=\"aktualnosci\"><h3 class=\"uagb-heading-text\">COURSES | TRAINING SESSIONS<\/h3><\/div>\n\n\n\n<div style=\"height:20px\" aria-hidden=\"true\" class=\"wp-block-spacer\"><\/div>\n\n\n\n<div class=\"wp-block-uagb-container uagb-block-074bd96b alignfull uagb-is-root-container\"><div class=\"uagb-container-inner-blocks-wrap\">\n<div class=\"wp-block-uagb-container clickable-container7 uagb-block-d4660056\">\n<div class=\"wp-block-uagb-info-box uagb-block-eb15e4a8 uagb-infobox__content-wrap  uagb-infobox-icon-above-title uagb-infobox-image-valign-top\"><div class=\"uagb-ifb-content\"><div class=\"uagb-ifb-icon-wrap\"><svg xmlns=\"https:\/\/www.w3.org\/2000\/svg\" viewbox=\"0 0 576 512\"><path d=\"M279.6 160.4C282.4 160.1 285.2 160 288 160C341 160 384 202.1 384 256C384 309 341 352 288 352C234.1 352 192 309 192 256C192 253.2 192.1 250.4 192.4 247.6C201.7 252.1 212.5 256 224 256C259.3 256 288 227.3 288 192C288 180.5 284.1 169.7 279.6 160.4zM480.6 112.6C527.4 156 558.7 207.1 573.5 243.7C576.8 251.6 576.8 260.4 573.5 268.3C558.7 304 527.4 355.1 480.6 399.4C433.5 443.2 368.8 480 288 480C207.2 480 142.5 443.2 95.42 399.4C48.62 355.1 17.34 304 2.461 268.3C-.8205 260.4-.8205 251.6 2.461 243.7C17.34 207.1 48.62 156 95.42 112.6C142.5 68.84 207.2 32 288 32C368.8 32 433.5 68.84 480.6 112.6V112.6zM288 112C208.5 112 144 176.5 144 256C144 335.5 208.5 400 288 400C367.5 400 432 335.5 432 256C432 176.5 367.5 112 288 112z\"><\/path><\/svg><\/div><div class=\"uagb-ifb-title-wrap\"><h3 class=\"uagb-ifb-title\">ROAD TRAFFIC SAFETY AUDIT<\/h3><\/div><\/div><\/div>\n<\/div>\n<\/div><\/div>\n\n\n\n<div style=\"height:43px\" aria-hidden=\"true\" class=\"wp-block-spacer\"><\/div>\n\n\n\n<p><\/p>","protected":false},"excerpt":{"rendered":"<p>OFERTA KSZTA\u0141CENIA Pracownicy Katedry prowadz\u0105 zaj\u0119cia na studiach stacjonarnych i niestacjonarnych realizowanych na Wydziale In\u017cynierii L\u0105dowej oraz Wydziale In\u017cynierii \u015arodowiska i&nbsp;Energetyki. Zaj\u0119cia odbywaj\u0105 si\u0119 na kierunkach takich jak budownictwo, transport oraz gospodarka przestrzenna. W ramach studi\u00f3w in\u017cynierskich oferowane s\u0105 profile dyplomowania obejmuj\u0105ce \u201eProjektowanie infrastruktury drogowej\u201d, \u201eBudow\u0119 i utrzymanie nawierzchni drogowych\u201d oraz \u201eProjektowanie infrastruktury szynowej\u201d. Opr\u00f3cz [&hellip;]<\/p>","protected":false},"author":1,"featured_media":0,"parent":0,"menu_order":0,"comment_status":"closed","ping_status":"closed","template":"","meta":{"_uag_custom_page_level_css":"","site-sidebar-layout":"no-sidebar","site-content-layout":"plain-container","ast-site-content-layout":"normal-width-container","site-content-style":"unboxed","site-sidebar-style":"unboxed","ast-global-header-display":"","ast-banner-title-visibility":"","ast-main-header-display":"","ast-hfb-above-header-display":"","ast-hfb-below-header-display":"","ast-hfb-mobile-header-display":"","site-post-title":"disabled","ast-breadcrumbs-content":"","ast-featured-img":"disabled","footer-sml-layout":"","theme-transparent-header-meta":"default","adv-header-id-meta":"","stick-header-meta":"","header-above-stick-meta":"","header-main-stick-meta":"","header-below-stick-meta":"","astra-migrate-meta-layouts":"set","ast-page-background-enabled":"default","ast-page-background-meta":{"desktop":{"background-color":"","background-image":"","background-repeat":"repeat","background-position":"center center","background-size":"auto","background-attachment":"scroll","background-type":"","background-media":"","overlay-type":"","overlay-color":"","overlay-opacity":"","overlay-gradient":""},"tablet":{"background-color":"","background-image":"","background-repeat":"repeat","background-position":"center center","background-size":"auto","background-attachment":"scroll","background-type":"","background-media":"","overlay-type":"","overlay-color":"","overlay-opacity":"","overlay-gradient":""},"mobile":{"background-color":"","background-image":"","background-repeat":"repeat","background-position":"center center","background-size":"auto","background-attachment":"scroll","background-type":"","background-media":"","overlay-type":"","overlay-color":"","overlay-opacity":"","overlay-gradient":""}},"ast-content-background-meta":{"desktop":{"background-color":"var(--ast-global-color-5)","background-image":"","background-repeat":"repeat","background-position":"center center","background-size":"auto","background-attachment":"scroll","background-type":"","background-media":"","overlay-type":"","overlay-color":"","overlay-opacity":"","overlay-gradient":""},"tablet":{"background-color":"var(--ast-global-color-5)","background-image":"","background-repeat":"repeat","background-position":"center center","background-size":"auto","background-attachment":"scroll","background-type":"","background-media":"","overlay-type":"","overlay-color":"","overlay-opacity":"","overlay-gradient":""},"mobile":{"background-color":"var(--ast-global-color-5)","background-image":"","background-repeat":"repeat","background-position":"center center","background-size":"auto","background-attachment":"scroll","background-type":"","background-media":"","overlay-type":"","overlay-color":"","overlay-opacity":"","overlay-gradient":""}},"footnotes":""},"class_list":["post-1720","page","type-page","status-publish","hentry"],"uagb_featured_image_src":{"full":false,"thumbnail":false,"medium":false,"medium_large":false,"large":false,"1536x1536":false,"2048x2048":false,"trp-custom-language-flag":false},"uagb_author_info":{"display_name":"inglot","author_link":"https:\/\/l5.pk.edu.pl\/en\/author\/inglot\/"},"uagb_comment_info":0,"uagb_excerpt":"OFERTA KSZTA\u0141CENIA Pracownicy Katedry prowadz\u0105 zaj\u0119cia na studiach stacjonarnych i niestacjonarnych realizowanych na Wydziale In\u017cynierii L\u0105dowej oraz Wydziale In\u017cynierii \u015arodowiska i&nbsp;Energetyki. Zaj\u0119cia odbywaj\u0105 si\u0119 na kierunkach takich jak budownictwo, transport oraz gospodarka przestrzenna. W ramach studi\u00f3w in\u017cynierskich oferowane s\u0105 profile dyplomowania obejmuj\u0105ce \u201eProjektowanie infrastruktury drogowej\u201d, \u201eBudow\u0119 i utrzymanie nawierzchni drogowych\u201d oraz \u201eProjektowanie infrastruktury szynowej\u201d. Opr\u00f3cz&hellip;","_links":{"self":[{"href":"https:\/\/l5.pk.edu.pl\/en\/wp-json\/wp\/v2\/pages\/1720","targetHints":{"allow":["GET"]}}],"collection":[{"href":"https:\/\/l5.pk.edu.pl\/en\/wp-json\/wp\/v2\/pages"}],"about":[{"href":"https:\/\/l5.pk.edu.pl\/en\/wp-json\/wp\/v2\/types\/page"}],"author":[{"embeddable":true,"href":"https:\/\/l5.pk.edu.pl\/en\/wp-json\/wp\/v2\/users\/1"}],"replies":[{"embeddable":true,"href":"https:\/\/l5.pk.edu.pl\/en\/wp-json\/wp\/v2\/comments?post=1720"}],"version-history":[{"count":12,"href":"https:\/\/l5.pk.edu.pl\/en\/wp-json\/wp\/v2\/pages\/1720\/revisions"}],"predecessor-version":[{"id":26314,"href":"https:\/\/l5.pk.edu.pl\/en\/wp-json\/wp\/v2\/pages\/1720\/revisions\/26314"}],"wp:attachment":[{"href":"https:\/\/l5.pk.edu.pl\/en\/wp-json\/wp\/v2\/media?parent=1720"}],"curies":[{"name":"wp","href":"https:\/\/api.w.org\/{rel}","templated":true}]}}