{"id":26161,"date":"2024-11-26T12:37:11","date_gmt":"2024-11-26T11:37:11","guid":{"rendered":"http:\/\/l5.pk.edu.pl\/?page_id=26161"},"modified":"2024-11-26T12:40:06","modified_gmt":"2024-11-26T11:40:06","slug":"polityka-prywatnosci","status":"publish","type":"page","link":"https:\/\/l5.pk.edu.pl\/en\/polityka-prywatnosci\/","title":{"rendered":"Polityka prywatno\u015bci"},"content":{"rendered":"<div class=\"wp-block-uagb-container uagb-block-6206a177 alignfull uagb-is-root-container\"><div class=\"uagb-container-inner-blocks-wrap\">\n<div class=\"wp-block-uagb-info-box uagb-block-3e8088fe uagb-infobox__content-wrap  uagb-infobox-icon-above-title uagb-infobox-image-valign-top wp-block-uagb-info-box--has-margin\"><div class=\"uagb-infobox-margin-wrapper\"><div class=\"uagb-ifb-content\"><div class=\"uagb-ifb-title-wrap\"><h1 class=\"uagb-ifb-title\">Department of Roads, Railways, and Traffic Engineering<\/h1><\/div><\/div><\/div><\/div>\n<\/div><\/div>\n\n\n\n<div style=\"height:40px\" aria-hidden=\"true\" class=\"wp-block-spacer\"><\/div>\n\n\n\n<div class=\"wp-block-uagb-advanced-heading uagb-block-48c2f920\" id=\"aktualnosci\"><h2 class=\"uagb-heading-text\">POLITYKA PRYWATNO\u015aCI<\/h2><div class=\"uagb-separator\"><\/div><\/div>\n\n\n\n<ol style=\"list-style-type:upper-roman\" class=\"wp-block-list\">\n<li><strong>Postanowienia og\u00f3lne<\/strong><\/li>\n<\/ol>\n\n\n\n<ol class=\"wp-block-list\">\n<li>Polityka prywatno\u015bci okre\u015bla, jak zbierane, przetwarzane i przechowywane s\u0105 dane osobowe U\u017cytkownik\u00f3w niezb\u0119dne do \u015bwiadczenia us\u0142ug drog\u0105 elektroniczn\u0105 za po\u015brednictwem serwisu internetowego www.pk.edu.pl (dalej: Serwis).<\/li>\n<\/ol>\n\n\n\n<ol class=\"wp-block-list\">\n<li>Serwis zbiera wy\u0142\u0105cznie dane osobowe niezb\u0119dne do \u015bwiadczenia i rozwoju us\u0142ug w nim oferowanych.<\/li>\n\n\n\n<li>Operatorem Serwisu jest zesp\u00f3\u0142 ds. Multiportalu.<\/li>\n\n\n\n<li>Operatorem hostingu jest firma zapewniaj\u0105ca serwis Multiportalu.<\/li>\n\n\n\n<li>Dane osobowe zbierane za po\u015brednictwem Serwisu s\u0105 przetwarzane zgodnie z Rozporz\u0105dzeniem Parlamentu Europejskiego i Rady (UE) 2016\/679 z dnia 27 kwietnia 2016 r. w sprawie ochrony os\u00f3b fizycznych w zwi\u0105zku z przetwarzaniem danych osobowych i w sprawie swobodnego przep\u0142ywu takich danych oraz uchylenia dyrektywy 95\/46\/WE (og\u00f3lne rozporz\u0105dzenie o ochronie danych, dalej RODO) oraz ustaw\u0105 o ochronie danych osobowych z dnia 10 maja 2018 r.<\/li>\n<\/ol>\n\n\n\n<p><strong>II. Administrator danych<\/strong><\/p>\n\n\n\n<p>Administratorem danych osobowych zbieranych poprzez Serwis jest Politechnika Krakowska im. Tadeusza Ko\u015bciuszki, adres:<\/p>\n\n\n\n<p>ul. Warszawska 24; 31-155 Krak\u00f3w,<br>NIP 675-000-62-57,<br>REGON: 000001560<br>adres poczty elektronicznej:&nbsp;<a href=\"mailto:kancelaria@pk.edu.pl\">kancelaria@pk.edu.pl<\/a>&nbsp;(dalej: Administrator).<\/p>\n\n\n\n<p><strong>III. Inspektor Ochrony Danych<\/strong><\/p>\n\n\n\n<p>Inspektorem danych osobowych w Politechnice Krakowskiej im. Tadeusza Ko\u015bciuszki jest in\u017c. Beata Bylica, kontakt: tel.&nbsp;<a href=\"tel:(12) 374 22 37\">(12) 374 22 37<\/a>, e-mail:&nbsp;<a href=\"mailto:iodo@pk.edu.pl\">iodo@pk.edu.pl<\/a><\/p>\n\n\n\n<p><strong>IV. Cel zbierania danych osobowych<\/strong><\/p>\n\n\n\n<p>Pani\/Pana dane osobowe przetwarzane b\u0119d\u0105 w celu wype\u0142nienia obowi\u0105zku prawnego, wykonywania zadania realizowanego w interesie publicznym.<\/p>\n\n\n\n<p><strong>V. Podstaw\u0105 przetwarzania Twoich danych jest:<\/strong><\/p>\n\n\n\n<p>Art. 6 ust 1 pkt c zgodnie z tre\u015bci\u0105 og\u00f3lnego rozporz\u0105dzenia o ochronie danych (RODO), w szczeg\u00f3lno\u015bci na podstawie:<\/p>\n\n\n\n<ul class=\"wp-block-list\">\n<li>ustawy z dnia 20 lipca 2018 r. Prawo o szkolnictwie wy\u017cszym i nauce (Dz.U. z 2018 r. poz. 1668 ze zm.);<\/li>\n\n\n\n<li>zarz\u0105dzenia nr 82 Rektora PK z dnia 14 grudnia 2017 r. w sprawie wprowadzenia na Politechnice Krakowskiej przepis\u00f3w kancelaryjnych i archiwalnych;<\/li>\n<\/ul>\n\n\n\n<p><strong>VI. Okres przetwarzania danych osobowych<\/strong><\/p>\n\n\n\n<p>Pani\/Pana dane osobowe b\u0119d\u0105 przechowywane przez okres wskazany w instrukcji kancelaryjnej PK oraz zgodnie z przepisami ustawy z dnia 14 lipca 1982 r. o narodowym zasobie archiwalnym i archiwach (Dz. U. z 2018 r. poz. 217 ze zm.);<\/p>\n\n\n\n<p><strong>VII. Odbiorcy danych<\/strong><\/p>\n\n\n\n<p>Dane osobowe U\u017cytkownik\u00f3w mog\u0105 by\u0107 przekazywane: podmiotom powi\u0105zanym z Administratorem, jego podwykonawcom, podmiotom wsp\u00f3\u0142pracuj\u0105cym z Administratorem, firmom \u015bwiadcz\u0105cym us\u0142ugi informatyczne lub kurierskie\/pocztowe.<\/p>\n\n\n\n<p><strong>VIII. Twoje prawa zwi\u0105zane z przetwarzaniem danych osobowych:<\/strong><\/p>\n\n\n\n<ol class=\"wp-block-list\">\n<li>U\u017cytkownik Serwisu ma prawo do: dost\u0119pu do tre\u015bci swoich danych osobowych, ich sprostowania, usuni\u0119cia, ograniczenia przetwarzania, przenoszenia, wniesienia sprzeciwu wobec przetwarzania, cofni\u0119cia zgody w ka\u017cdej chwili (co nie ma wp\u0142ywu na zgodno\u015b\u0107 z prawem przetwarzania dokonanego w oparciu o zgod\u0119 przed jej cofni\u0119ciem).<\/li>\n\n\n\n<li>Zg\u0142oszenie o wyst\u0105pieniu przez U\u017cytkownika z uprawnieniem wynikaj\u0105cym z wymienionych praw nale\u017cy przes\u0142a\u0107 na adres:\u00a0<a href=\"mailto:kancelaria@pk.edu.pl\">kancelaria@pk.edu.pl<\/a>.<\/li>\n\n\n\n<li>Administrator spe\u0142nia lub odmawia spe\u0142nienia \u017c\u0105dania niezw\u0142ocznie \u2013 maksymalnie w ci\u0105gu miesi\u0105ca od jego otrzymania.<\/li>\n\n\n\n<li>U\u017cytkownik ma prawo z\u0142o\u017cy\u0107 skarg\u0119 do Prezesa Urz\u0119du Ochrony Danych Osobowych, je\u015bli uzna, \u017ce przetwarzanie narusza jego prawa i wolno\u015bci (RODO).<\/li>\n<\/ol>\n\n\n\n<p>W celu wykonania swoich praw skieruj \u017c\u0105danie pod adres e-mail:&nbsp;<a href=\"mailto:iodo@pk.edu.pl\">iodo@pk.edu.pl<\/a>&nbsp;lub zadzwo\u0144 pod numer:&nbsp;<a href=\"tel:(12) 374 22 37\">(12) 374 22 37<\/a>. Przed realizacj\u0105 Twoich uprawnie\u0144 b\u0119dziemy musieli odpowiednio Ci\u0119 zidentyfikowa\u0107.<\/p>\n\n\n\n<p><strong>IX. Informacja o wymogu\/dobrowolno\u015bci podania danych.<\/strong><\/p>\n\n\n\n<p>Podanie przez Pana\/Pani\u0105 danych osobowych jest wymogiem ustawowym\/warunkiem zawarcia umowy;<\/p>\n\n\n\n<p><strong>X. Zautomatyzowane podejmowanie decyzji i profilowanie.<\/strong><\/p>\n\n\n\n<p>Dane U\u017cytkownik\u00f3w nie s\u0105 przetwarzane w zautomatyzowany spos\u00f3b tak, \u017ce na skutek tego mog\u0142yby zapa\u015b\u0107 wobec nich jakiekolwiek decyzje.<\/p>\n\n\n\n<p><strong>XI .Pliki cookies.<\/strong><\/p>\n\n\n\n<ol class=\"wp-block-list\">\n<li>Serwis zbiera informacje za pomoc\u0105 plik\u00f3w cookies<\/li>\n\n\n\n<li>Pliki cookies przechowywane s\u0105 w urz\u0105dzeniu ko\u0144cowym U\u017cytkownika Serwisu i przeznaczone s\u0105 do korzystania ze stron internetowych Serwisu. Cookies najcz\u0119\u015bciej zawieraj\u0105 nazw\u0119 strony internetowej, z kt\u00f3rej pochodz\u0105, czas przechowywania ich na urz\u0105dzeniu ko\u0144cowym oraz unikalny numer.<\/li>\n\n\n\n<li>W Serwisie stosowane s\u0105 nast\u0119puj\u0105ce rodzaje plik\u00f3w cookies:\n<ul class=\"wp-block-list\">\n<li>sesyjnych- kt\u00f3re s\u0105 plikami tymczasowymi, przechowywanymi s\u0105 na urz\u0105dzeniu ko\u0144cowym U\u017cytkownika do czasu wylogowania, opuszczenia strony Serwisu<\/li>\n\n\n\n<li>sta\u0142ych \u2013 kt\u00f3re s\u0105 przechowywane na urz\u0105dzeniu ko\u0144cowym U\u017cytkownika przez czas okre\u015blony w parametrach plik\u00f3w cookies lub do czasu ich usuni\u0119cia przez U\u017cytkownika<\/li>\n\n\n\n<li>podmiot\u00f3w zewn\u0119trznych poprzez Google Analytics (analiz\u0119 statystyczn\u0105 ruchu na stronie wykonywana poprze narz\u0119dzie Google Inc. z siedzib\u0105 w USA).<\/li>\n<\/ul>\n<\/li>\n\n\n\n<li>Pliki cookies stosowane s\u0105 w celu :\n<ul class=\"wp-block-list\">\n<li>poprawnego \u015bwiadczenia us\u0142ug w Serwisie<\/li>\n\n\n\n<li>w\u0142a\u015bciwego zabezpieczenia sesji internetowej<\/li>\n\n\n\n<li>prowadzenia dzia\u0142a\u0144 analitycznych i statystycznych<\/li>\n<\/ul>\n<\/li>\n\n\n\n<li>Wykorzystywanie plik\u00f3w typu cookies w celu przechowywania informacji oraz uzyskiwania dost\u0119pu do informacji przechowywanych w telekomunikacyjnym urz\u0105dzeniu ko\u0144cowym U\u017cytkownika, jest dozwolone pod warunkiem, wyra\u017cenia przez U\u017cytkownika zgody na takie wykorzystywanie plik\u00f3w typu cookies.<\/li>\n\n\n\n<li>Informacje o sposobach obs\u0142ugi plik\u00f3w cookies znajduj\u0105 si\u0119 ponadto w ustawieniach przegl\u0105darek internetowych :<\/li>\n\n\n\n<li>w przegl\u0105darce Mozilla Firefox https:\/\/support.mozilla.org\/pl\/kb\/usuwanie-ciasteczek-i-danych-stron-firefox<\/li>\n\n\n\n<li>w przegl\u0105darce Chrome\u00a0<a href=\"https:\/\/support.google.com\/chrome\/answer\/95647?hl=pl\" target=\"_blank\" rel=\"noreferrer noopener\">https:\/\/support.google.com\/chrome\/answer\/95647?hl=pl<\/a><\/li>\n\n\n\n<li>w przegl\u0105darce Opera\u00a0<a href=\"https:\/\/help.opera.com\/pl\/latest\/web-preferences\/#cookies\" target=\"_blank\" rel=\"noreferrer noopener\">https:\/\/help.opera.com\/pl\/latest\/web-preferences\/#cookies<\/a><\/li>\n\n\n\n<li>w przegl\u0105darce Internet Explorer:\u00a0<a href=\"https:\/\/support.microsoft.com\/pl-pl\/topic\/jak-usun%C4%85%C4%87-pliki-cookie-w-programie-internet-explorer-bca9446f-d873-78de-77ba-d42645fa52fc\" target=\"_blank\" rel=\"noreferrer noopener\">https:\/\/support.microsoft.com\/pl-pl\/topic\/jak-usun%C4%85%C4%87-pliki-cookie-w-programie-internet-explorer-bca9446f-d873-78de-77ba-d42645fa52fc<\/a><\/li>\n<\/ol>\n\n\n\n<p><strong>XII. Postanowienia ko\u0144cowe.<\/strong><\/p>\n\n\n\n<ol class=\"wp-block-list\">\n<li>Administrator ma prawo do wprowadzenia zmian w Polityce prywatno\u015bci, przy czym prawa U\u017cytkownik\u00f3w nie zostan\u0105 ograniczone.<\/li>\n\n\n\n<li>Informacja o wprowadzonych zmianach pojawi si\u0119 w formie komunikatu dost\u0119pnego w Serwisie.<\/li>\n\n\n\n<li>W sprawach nieuregulowanych w niniejszej Polityce prywatno\u015bci obowi\u0105zuj\u0105 przepisy RODO i przepisy prawa polskiego.<\/li>\n<\/ol>","protected":false},"excerpt":{"rendered":"<p>POLITYKA PRYWATNO\u015aCI II. Administrator danych Administratorem danych osobowych zbieranych poprzez Serwis jest Politechnika Krakowska im. Tadeusza Ko\u015bciuszki, adres: ul. Warszawska 24; 31-155 Krak\u00f3w,NIP 675-000-62-57,REGON: 000001560adres poczty elektronicznej:&nbsp;kancelaria@pk.edu.pl&nbsp;(dalej: Administrator). III. Inspektor Ochrony Danych Inspektorem danych osobowych w Politechnice Krakowskiej im. Tadeusza Ko\u015bciuszki jest in\u017c. Beata Bylica, kontakt: tel.&nbsp;(12) 374 22 37, e-mail:&nbsp;iodo@pk.edu.pl IV. Cel zbierania danych [&hellip;]<\/p>","protected":false},"author":1,"featured_media":0,"parent":0,"menu_order":0,"comment_status":"closed","ping_status":"closed","template":"","meta":{"_uag_custom_page_level_css":"","site-sidebar-layout":"default","site-content-layout":"","ast-site-content-layout":"default","site-content-style":"default","site-sidebar-style":"default","ast-global-header-display":"","ast-banner-title-visibility":"","ast-main-header-display":"","ast-hfb-above-header-display":"","ast-hfb-below-header-display":"","ast-hfb-mobile-header-display":"","site-post-title":"disabled","ast-breadcrumbs-content":"","ast-featured-img":"","footer-sml-layout":"","theme-transparent-header-meta":"","adv-header-id-meta":"","stick-header-meta":"","header-above-stick-meta":"","header-main-stick-meta":"","header-below-stick-meta":"","astra-migrate-meta-layouts":"set","ast-page-background-enabled":"default","ast-page-background-meta":{"desktop":{"background-color":"","background-image":"","background-repeat":"repeat","background-position":"center center","background-size":"auto","background-attachment":"scroll","background-type":"","background-media":"","overlay-type":"","overlay-color":"","overlay-opacity":"","overlay-gradient":""},"tablet":{"background-color":"","background-image":"","background-repeat":"repeat","background-position":"center center","background-size":"auto","background-attachment":"scroll","background-type":"","background-media":"","overlay-type":"","overlay-color":"","overlay-opacity":"","overlay-gradient":""},"mobile":{"background-color":"","background-image":"","background-repeat":"repeat","background-position":"center center","background-size":"auto","background-attachment":"scroll","background-type":"","background-media":"","overlay-type":"","overlay-color":"","overlay-opacity":"","overlay-gradient":""}},"ast-content-background-meta":{"desktop":{"background-color":"var(--ast-global-color-5)","background-image":"","background-repeat":"repeat","background-position":"center center","background-size":"auto","background-attachment":"scroll","background-type":"","background-media":"","overlay-type":"","overlay-color":"","overlay-opacity":"","overlay-gradient":""},"tablet":{"background-color":"var(--ast-global-color-5)","background-image":"","background-repeat":"repeat","background-position":"center center","background-size":"auto","background-attachment":"scroll","background-type":"","background-media":"","overlay-type":"","overlay-color":"","overlay-opacity":"","overlay-gradient":""},"mobile":{"background-color":"var(--ast-global-color-5)","background-image":"","background-repeat":"repeat","background-position":"center center","background-size":"auto","background-attachment":"scroll","background-type":"","background-media":"","overlay-type":"","overlay-color":"","overlay-opacity":"","overlay-gradient":""}},"footnotes":""},"class_list":["post-26161","page","type-page","status-publish","hentry"],"uagb_featured_image_src":{"full":false,"thumbnail":false,"medium":false,"medium_large":false,"large":false,"1536x1536":false,"2048x2048":false,"trp-custom-language-flag":false},"uagb_author_info":{"display_name":"inglot","author_link":"https:\/\/l5.pk.edu.pl\/en\/author\/inglot\/"},"uagb_comment_info":0,"uagb_excerpt":"POLITYKA PRYWATNO\u015aCI II. Administrator danych Administratorem danych osobowych zbieranych poprzez Serwis jest Politechnika Krakowska im. Tadeusza Ko\u015bciuszki, adres: ul. Warszawska 24; 31-155 Krak\u00f3w,NIP 675-000-62-57,REGON: 000001560adres poczty elektronicznej:&nbsp;kancelaria@pk.edu.pl&nbsp;(dalej: Administrator). III. Inspektor Ochrony Danych Inspektorem danych osobowych w Politechnice Krakowskiej im. Tadeusza Ko\u015bciuszki jest in\u017c. Beata Bylica, kontakt: tel.&nbsp;(12) 374 22 37, e-mail:&nbsp;iodo@pk.edu.pl IV. Cel zbierania danych&hellip;","_links":{"self":[{"href":"https:\/\/l5.pk.edu.pl\/en\/wp-json\/wp\/v2\/pages\/26161","targetHints":{"allow":["GET"]}}],"collection":[{"href":"https:\/\/l5.pk.edu.pl\/en\/wp-json\/wp\/v2\/pages"}],"about":[{"href":"https:\/\/l5.pk.edu.pl\/en\/wp-json\/wp\/v2\/types\/page"}],"author":[{"embeddable":true,"href":"https:\/\/l5.pk.edu.pl\/en\/wp-json\/wp\/v2\/users\/1"}],"replies":[{"embeddable":true,"href":"https:\/\/l5.pk.edu.pl\/en\/wp-json\/wp\/v2\/comments?post=26161"}],"version-history":[{"count":4,"href":"https:\/\/l5.pk.edu.pl\/en\/wp-json\/wp\/v2\/pages\/26161\/revisions"}],"predecessor-version":[{"id":26167,"href":"https:\/\/l5.pk.edu.pl\/en\/wp-json\/wp\/v2\/pages\/26161\/revisions\/26167"}],"wp:attachment":[{"href":"https:\/\/l5.pk.edu.pl\/en\/wp-json\/wp\/v2\/media?parent=26161"}],"curies":[{"name":"wp","href":"https:\/\/api.w.org\/{rel}","templated":true}]}}